{"id":178,"date":"2025-11-19T16:33:29","date_gmt":"2025-11-19T09:33:29","guid":{"rendered":"https:\/\/Solartoancau.com\/?page_id=178"},"modified":"2025-11-21T21:04:56","modified_gmt":"2025-11-21T14:04:56","slug":"solar-toan-cau-thuoc-tap-doan-phu-vinh-flg-group-chuyen-thi-cong-mua-ban-vat-tu-nganh-dien-mat-troi-cong-ty-co-tru-so-tai-828-thien-loi-le-chan-hai-phong","status":"publish","type":"page","link":"https:\/\/Solartoancau.com\/","title":{"rendered":"SOLAR TO\u00c0N C\u1ea6U THU\u1ed8C T\u1eacP \u0110O\u00c0N PH\u00da VINH FLG GROUP .CHUY\u00caN THI C\u00d4NG &amp; MUA B\u00c1N V\u1eacT T\u01af NG\u00c0NH \u0110I\u1ec6N M\u1eb6T TR\u1edcI .C\u00d4NG TY C\u00d3 TR\u1ee4 S\u1ede T\u1ea0I 828 THI\u00caN L\u00d4I &#8211; L\u00ca CH\u00c2N &#8211; H\u1ea2I PH\u00d2NG  Hotline :0522.444.555"},"content":{"rendered":"\n<figure class=\"wp-block-image size-full is-resized\"><img loading=\"lazy\" decoding=\"async\" width=\"1009\" height=\"663\" src=\"https:\/\/Solartoancau.com\/wp-content\/uploads\/2025\/11\/IMG_0224.jpeg\" alt=\"\" class=\"wp-image-109\" style=\"width:1026px;height:auto\" srcset=\"https:\/\/Solartoancau.com\/wp-content\/uploads\/2025\/11\/IMG_0224.jpeg 1009w, https:\/\/Solartoancau.com\/wp-content\/uploads\/2025\/11\/IMG_0224-600x394.jpeg 600w, https:\/\/Solartoancau.com\/wp-content\/uploads\/2025\/11\/IMG_0224-300x197.jpeg 300w, https:\/\/Solartoancau.com\/wp-content\/uploads\/2025\/11\/IMG_0224-768x505.jpeg 768w\" sizes=\"auto, (max-width: 1009px) 100vw, 1009px\" \/><\/figure>\n\n\n\n<figure class=\"wp-block-image size-large\"><img loading=\"lazy\" decoding=\"async\" width=\"1024\" height=\"709\" src=\"https:\/\/Solartoancau.com\/wp-content\/uploads\/2025\/11\/IMG_0223-1024x709.jpeg\" alt=\"\" class=\"wp-image-106\" srcset=\"https:\/\/Solartoancau.com\/wp-content\/uploads\/2025\/11\/IMG_0223-1024x709.jpeg 1024w, https:\/\/Solartoancau.com\/wp-content\/uploads\/2025\/11\/IMG_0223-600x415.jpeg 600w, https:\/\/Solartoancau.com\/wp-content\/uploads\/2025\/11\/IMG_0223-300x208.jpeg 300w, https:\/\/Solartoancau.com\/wp-content\/uploads\/2025\/11\/IMG_0223-768x531.jpeg 768w, https:\/\/Solartoancau.com\/wp-content\/uploads\/2025\/11\/IMG_0223.jpeg 1052w\" sizes=\"auto, (max-width: 1024px) 100vw, 1024px\" \/><\/figure>\n\n\n\n<figure class=\"wp-block-image size-large\"><img loading=\"lazy\" decoding=\"async\" width=\"1024\" height=\"569\" src=\"https:\/\/Solartoancau.com\/wp-content\/uploads\/2025\/11\/IMG_0226-1-1024x569.jpeg\" alt=\"\" class=\"wp-image-112\" srcset=\"https:\/\/Solartoancau.com\/wp-content\/uploads\/2025\/11\/IMG_0226-1-1024x569.jpeg 1024w, https:\/\/Solartoancau.com\/wp-content\/uploads\/2025\/11\/IMG_0226-1-600x333.jpeg 600w, https:\/\/Solartoancau.com\/wp-content\/uploads\/2025\/11\/IMG_0226-1-300x167.jpeg 300w, https:\/\/Solartoancau.com\/wp-content\/uploads\/2025\/11\/IMG_0226-1-768x427.jpeg 768w, https:\/\/Solartoancau.com\/wp-content\/uploads\/2025\/11\/IMG_0226-1.jpeg 1226w\" sizes=\"auto, (max-width: 1024px) 100vw, 1024px\" \/><\/figure>\n\n\n\n<figure class=\"wp-block-image size-full\"><img loading=\"lazy\" decoding=\"async\" width=\"380\" height=\"500\" src=\"https:\/\/Solartoancau.com\/wp-content\/uploads\/2025\/11\/khuyen-mai-dien-mat-troi-vic-solar-1.jpg\" alt=\"\" class=\"wp-image-264\" srcset=\"https:\/\/Solartoancau.com\/wp-content\/uploads\/2025\/11\/khuyen-mai-dien-mat-troi-vic-solar-1.jpg 380w, https:\/\/Solartoancau.com\/wp-content\/uploads\/2025\/11\/khuyen-mai-dien-mat-troi-vic-solar-1-228x300.jpg 228w\" sizes=\"auto, (max-width: 380px) 100vw, 380px\" \/><\/figure>\n\n\n<nav class=\"is-responsive wp-block-navigation is-layout-flex wp-block-navigation-is-layout-flex\" aria-label=\"\u0110i\u1ec1u h\u01b0\u1edbng\" \n\t\t data-wp-interactive=\"core\/navigation\" data-wp-context='{\"overlayOpenedBy\":{\"click\":false,\"hover\":false,\"focus\":false},\"type\":\"overlay\",\"roleAttribute\":\"\",\"ariaLabel\":\"Menu\"}'><button aria-haspopup=\"dialog\" aria-label=\"M\u1edf menu\" class=\"wp-block-navigation__responsive-container-open\" \n\t\t\t\tdata-wp-on--click=\"actions.openMenuOnClick\"\n\t\t\t\tdata-wp-on--keydown=\"actions.handleMenuKeydown\"\n\t\t\t><svg width=\"24\" height=\"24\" xmlns=\"http:\/\/www.w3.org\/2000\/svg\" viewBox=\"0 0 24 24\" aria-hidden=\"true\" focusable=\"false\"><path d=\"M4 7.5h16v1.5H4z\"><\/path><path d=\"M4 15h16v1.5H4z\"><\/path><\/svg><\/button>\n\t\t\t\t<div class=\"wp-block-navigation__responsive-container\"  id=\"modal-1\" \n\t\t\t\tdata-wp-class--has-modal-open=\"state.isMenuOpen\"\n\t\t\t\tdata-wp-class--is-menu-open=\"state.isMenuOpen\"\n\t\t\t\tdata-wp-watch=\"callbacks.initMenu\"\n\t\t\t\tdata-wp-on--keydown=\"actions.handleMenuKeydown\"\n\t\t\t\tdata-wp-on--focusout=\"actions.handleMenuFocusout\"\n\t\t\t\ttabindex=\"-1\"\n\t\t\t>\n\t\t\t\t\t<div class=\"wp-block-navigation__responsive-close\" tabindex=\"-1\">\n\t\t\t\t\t\t<div class=\"wp-block-navigation__responsive-dialog\" \n\t\t\t\tdata-wp-bind--aria-modal=\"state.ariaModal\"\n\t\t\t\tdata-wp-bind--aria-label=\"state.ariaLabel\"\n\t\t\t\tdata-wp-bind--role=\"state.roleAttribute\"\n\t\t\t>\n\t\t\t\t\t\t\t<button aria-label=\"\u0110\u00f3ng menu\" class=\"wp-block-navigation__responsive-container-close\" \n\t\t\t\tdata-wp-on--click=\"actions.closeMenuOnClick\"\n\t\t\t><svg xmlns=\"http:\/\/www.w3.org\/2000\/svg\" viewBox=\"0 0 24 24\" width=\"24\" height=\"24\" aria-hidden=\"true\" focusable=\"false\"><path d=\"m13.06 12 6.47-6.47-1.06-1.06L12 10.94 5.53 4.47 4.47 5.53 10.94 12l-6.47 6.47 1.06 1.06L12 13.06l6.47 6.47 1.06-1.06L13.06 12Z\"><\/path><\/svg><\/button>\n\t\t\t\t\t\t\t<div class=\"wp-block-navigation__responsive-container-content\" \n\t\t\t\tdata-wp-watch=\"callbacks.focusFirstElement\"\n\t\t\t id=\"modal-1-content\">\n\t\t\t\t\t\t\t\t\n\t\t\t\t\t\t\t<\/div>\n\t\t\t\t\t\t<\/div>\n\t\t\t\t\t<\/div>\n\t\t\t\t<\/div><\/nav>\n\n\n<p><\/p>\n","protected":false},"excerpt":{"rendered":"","protected":false},"author":2,"featured_media":0,"parent":0,"menu_order":0,"comment_status":"closed","ping_status":"closed","template":"","meta":{"site-sidebar-layout":"default","site-content-layout":"","ast-site-content-layout":"default","site-content-style":"default","site-sidebar-style":"default","ast-global-header-display":"","ast-banner-title-visibility":"","ast-main-header-display":"","ast-hfb-above-header-display":"","ast-hfb-below-header-display":"","ast-hfb-mobile-header-display":"","site-post-title":"","ast-breadcrumbs-content":"","ast-featured-img":"","footer-sml-layout":"","theme-transparent-header-meta":"","adv-header-id-meta":"","stick-header-meta":"","header-above-stick-meta":"","header-main-stick-meta":"","header-below-stick-meta":"","astra-migrate-meta-layouts":"default","ast-page-background-enabled":"default","ast-page-background-meta":{"desktop":{"background-color":"var(--ast-global-color-5)","background-image":"","background-repeat":"repeat","background-position":"center center","background-size":"auto","background-attachment":"scroll","background-type":"","background-media":"","overlay-type":"","overlay-color":"","overlay-opacity":"","overlay-gradient":""},"tablet":{"background-color":"","background-image":"","background-repeat":"repeat","background-position":"center center","background-size":"auto","background-attachment":"scroll","background-type":"","background-media":"","overlay-type":"","overlay-color":"","overlay-opacity":"","overlay-gradient":""},"mobile":{"background-color":"","background-image":"","background-repeat":"repeat","background-position":"center center","background-size":"auto","background-attachment":"scroll","background-type":"","background-media":"","overlay-type":"","overlay-color":"","overlay-opacity":"","overlay-gradient":""}},"ast-content-background-meta":{"desktop":{"background-color":"var(--ast-global-color-4)","background-image":"","background-repeat":"repeat","background-position":"center center","background-size":"auto","background-attachment":"scroll","background-type":"","background-media":"","overlay-type":"","overlay-color":"","overlay-opacity":"","overlay-gradient":""},"tablet":{"background-color":"var(--ast-global-color-4)","background-image":"","background-repeat":"repeat","background-position":"center center","background-size":"auto","background-attachment":"scroll","background-type":"","background-media":"","overlay-type":"","overlay-color":"","overlay-opacity":"","overlay-gradient":""},"mobile":{"background-color":"var(--ast-global-color-4)","background-image":"","background-repeat":"repeat","background-position":"center center","background-size":"auto","background-attachment":"scroll","background-type":"","background-media":"","overlay-type":"","overlay-color":"","overlay-opacity":"","overlay-gradient":""}},"footnotes":""},"class_list":["post-178","page","type-page","status-publish","hentry"],"yoast_head":"<!-- This site is optimized with the Yoast SEO plugin v25.7 - https:\/\/yoast.com\/wordpress\/plugins\/seo\/ -->\n<title>SOLAR TO\u00c0N C\u1ea6U THU\u1ed8C T\u1eacP \u0110O\u00c0N PH\u00da VINH FLG GROUP .CHUY\u00caN THI C\u00d4NG &amp; MUA B\u00c1N V\u1eacT T\u01af NG\u00c0NH \u0110I\u1ec6N M\u1eb6T TR\u1edcI .C\u00d4NG TY C\u00d3 TR\u1ee4 S\u1ede T\u1ea0I 828 THI\u00caN L\u00d4I - L\u00ca CH\u00c2N - H\u1ea2I PH\u00d2NG Hotline :0522.444.555 - \u0110I\u1ec6N M\u1eb6T TR\u1edcI TO\u00c0N C\u1ea6U<\/title>\n<meta name=\"robots\" content=\"index, follow, max-snippet:-1, max-image-preview:large, max-video-preview:-1\" \/>\n<link rel=\"canonical\" href=\"https:\/\/Solartoancau.com\/\" \/>\n<meta property=\"og:locale\" content=\"vi_VN\" \/>\n<meta property=\"og:type\" content=\"article\" \/>\n<meta property=\"og:title\" content=\"SOLAR TO\u00c0N C\u1ea6U THU\u1ed8C T\u1eacP \u0110O\u00c0N PH\u00da VINH FLG GROUP .CHUY\u00caN THI C\u00d4NG &amp; MUA B\u00c1N V\u1eacT T\u01af NG\u00c0NH \u0110I\u1ec6N M\u1eb6T TR\u1edcI .C\u00d4NG TY C\u00d3 TR\u1ee4 S\u1ede T\u1ea0I 828 THI\u00caN L\u00d4I - L\u00ca CH\u00c2N - H\u1ea2I PH\u00d2NG Hotline :0522.444.555 - \u0110I\u1ec6N M\u1eb6T TR\u1edcI TO\u00c0N C\u1ea6U\" \/>\n<meta property=\"og:url\" content=\"https:\/\/Solartoancau.com\/\" \/>\n<meta property=\"og:site_name\" content=\"\u0110I\u1ec6N M\u1eb6T TR\u1edcI TO\u00c0N C\u1ea6U\" \/>\n<meta property=\"article:modified_time\" content=\"2025-11-21T14:04:56+00:00\" \/>\n<meta property=\"og:image\" content=\"https:\/\/Solartoancau.com\/wp-content\/uploads\/2025\/11\/IMG_0224.jpeg\" \/>\n\t<meta property=\"og:image:width\" content=\"1009\" \/>\n\t<meta property=\"og:image:height\" content=\"663\" \/>\n\t<meta property=\"og:image:type\" content=\"image\/jpeg\" \/>\n<meta name=\"twitter:card\" content=\"summary_large_image\" \/>\n<meta name=\"twitter:label1\" content=\"\u01af\u1edbc t\u00ednh th\u1eddi gian \u0111\u1ecdc\" \/>\n\t<meta name=\"twitter:data1\" content=\"1 ph\u00fat\" \/>\n<script type=\"application\/ld+json\" class=\"yoast-schema-graph\">{\"@context\":\"https:\/\/schema.org\",\"@graph\":[{\"@type\":\"WebPage\",\"@id\":\"https:\/\/Solartoancau.com\/\",\"url\":\"https:\/\/Solartoancau.com\/\",\"name\":\"SOLAR TO\u00c0N C\u1ea6U THU\u1ed8C T\u1eacP \u0110O\u00c0N PH\u00da VINH FLG GROUP .CHUY\u00caN THI C\u00d4NG &amp; MUA B\u00c1N V\u1eacT T\u01af NG\u00c0NH \u0110I\u1ec6N M\u1eb6T TR\u1edcI .C\u00d4NG TY C\u00d3 TR\u1ee4 S\u1ede T\u1ea0I 828 THI\u00caN L\u00d4I - L\u00ca CH\u00c2N - H\u1ea2I PH\u00d2NG Hotline :0522.444.555 - \u0110I\u1ec6N M\u1eb6T TR\u1edcI TO\u00c0N C\u1ea6U\",\"isPartOf\":{\"@id\":\"https:\/\/Solartoancau.com\/#website\"},\"primaryImageOfPage\":{\"@id\":\"https:\/\/Solartoancau.com\/#primaryimage\"},\"image\":{\"@id\":\"https:\/\/Solartoancau.com\/#primaryimage\"},\"thumbnailUrl\":\"https:\/\/Solartoancau.com\/wp-content\/uploads\/2025\/11\/IMG_0224.jpeg\",\"datePublished\":\"2025-11-19T09:33:29+00:00\",\"dateModified\":\"2025-11-21T14:04:56+00:00\",\"breadcrumb\":{\"@id\":\"https:\/\/Solartoancau.com\/#breadcrumb\"},\"inLanguage\":\"vi\",\"potentialAction\":[{\"@type\":\"ReadAction\",\"target\":[\"https:\/\/Solartoancau.com\/\"]}]},{\"@type\":\"ImageObject\",\"inLanguage\":\"vi\",\"@id\":\"https:\/\/Solartoancau.com\/#primaryimage\",\"url\":\"https:\/\/Solartoancau.com\/wp-content\/uploads\/2025\/11\/IMG_0224.jpeg\",\"contentUrl\":\"https:\/\/Solartoancau.com\/wp-content\/uploads\/2025\/11\/IMG_0224.jpeg\",\"width\":1009,\"height\":663},{\"@type\":\"BreadcrumbList\",\"@id\":\"https:\/\/Solartoancau.com\/#breadcrumb\",\"itemListElement\":[{\"@type\":\"ListItem\",\"position\":1,\"name\":\"Trang ch\u1ee7\",\"item\":\"https:\/\/Solartoancau.com\/\"},{\"@type\":\"ListItem\",\"position\":2,\"name\":\"SOLAR TO\u00c0N C\u1ea6U THU\u1ed8C T\u1eacP \u0110O\u00c0N PH\u00da VINH FLG GROUP .CHUY\u00caN THI C\u00d4NG &amp; MUA B\u00c1N V\u1eacT T\u01af NG\u00c0NH \u0110I\u1ec6N M\u1eb6T TR\u1edcI .C\u00d4NG TY C\u00d3 TR\u1ee4 S\u1ede T\u1ea0I 828 THI\u00caN L\u00d4I &#8211; L\u00ca CH\u00c2N &#8211; H\u1ea2I PH\u00d2NG Hotline :0522.444.555\"}]},{\"@type\":\"WebSite\",\"@id\":\"https:\/\/Solartoancau.com\/#website\",\"url\":\"https:\/\/Solartoancau.com\/\",\"name\":\"\u0110I\u1ec6N M\u1eb6T TR\u1edcI TO\u00c0N C\u1ea6U\",\"description\":\"\u0110\u01a0N V\u1eca CUNG C\u1ea4P V\u1eacT T\u01af V\u00c0 THI C\u00d4NG \u0110I\u1ec6N M\u1eb6T TR\u1edcI UY T\u00cdN CH\u1ea4T L\u01af\u1ee2NG V\u00c0 GI\u00c1 TH\u00c0NH R\u1eba NH\u1ea4T TO\u00c0N QU\u1ed0C\",\"publisher\":{\"@id\":\"https:\/\/Solartoancau.com\/#organization\"},\"potentialAction\":[{\"@type\":\"SearchAction\",\"target\":{\"@type\":\"EntryPoint\",\"urlTemplate\":\"https:\/\/Solartoancau.com\/?s={search_term_string}\"},\"query-input\":{\"@type\":\"PropertyValueSpecification\",\"valueRequired\":true,\"valueName\":\"search_term_string\"}}],\"inLanguage\":\"vi\"},{\"@type\":\"Organization\",\"@id\":\"https:\/\/Solartoancau.com\/#organization\",\"name\":\"\u0110I\u1ec6N M\u1eb6T TR\u1edcI TO\u00c0N C\u1ea6U\",\"url\":\"https:\/\/Solartoancau.com\/\",\"logo\":{\"@type\":\"ImageObject\",\"inLanguage\":\"vi\",\"@id\":\"https:\/\/Solartoancau.com\/#\/schema\/logo\/image\/\",\"url\":\"https:\/\/Solartoancau.com\/wp-content\/uploads\/2025\/11\/cropped-cropped-IMG_0221-1.jpeg\",\"contentUrl\":\"https:\/\/Solartoancau.com\/wp-content\/uploads\/2025\/11\/cropped-cropped-IMG_0221-1.jpeg\",\"width\":511,\"height\":511,\"caption\":\"\u0110I\u1ec6N M\u1eb6T TR\u1edcI TO\u00c0N C\u1ea6U\"},\"image\":{\"@id\":\"https:\/\/Solartoancau.com\/#\/schema\/logo\/image\/\"}}]}<\/script>\n<!-- \/ Yoast SEO plugin. -->","yoast_head_json":{"title":"SOLAR TO\u00c0N C\u1ea6U THU\u1ed8C T\u1eacP \u0110O\u00c0N PH\u00da VINH FLG GROUP .CHUY\u00caN THI C\u00d4NG &amp; MUA B\u00c1N V\u1eacT T\u01af NG\u00c0NH \u0110I\u1ec6N M\u1eb6T TR\u1edcI .C\u00d4NG TY C\u00d3 TR\u1ee4 S\u1ede T\u1ea0I 828 THI\u00caN L\u00d4I - L\u00ca CH\u00c2N - H\u1ea2I PH\u00d2NG Hotline :0522.444.555 - \u0110I\u1ec6N M\u1eb6T TR\u1edcI TO\u00c0N C\u1ea6U","robots":{"index":"index","follow":"follow","max-snippet":"max-snippet:-1","max-image-preview":"max-image-preview:large","max-video-preview":"max-video-preview:-1"},"canonical":"https:\/\/Solartoancau.com\/","og_locale":"vi_VN","og_type":"article","og_title":"SOLAR TO\u00c0N C\u1ea6U THU\u1ed8C T\u1eacP \u0110O\u00c0N PH\u00da VINH FLG GROUP .CHUY\u00caN THI C\u00d4NG &amp; MUA B\u00c1N V\u1eacT T\u01af NG\u00c0NH \u0110I\u1ec6N M\u1eb6T TR\u1edcI .C\u00d4NG TY C\u00d3 TR\u1ee4 S\u1ede T\u1ea0I 828 THI\u00caN L\u00d4I - L\u00ca CH\u00c2N - H\u1ea2I PH\u00d2NG Hotline :0522.444.555 - \u0110I\u1ec6N M\u1eb6T TR\u1edcI TO\u00c0N C\u1ea6U","og_url":"https:\/\/Solartoancau.com\/","og_site_name":"\u0110I\u1ec6N M\u1eb6T TR\u1edcI TO\u00c0N C\u1ea6U","article_modified_time":"2025-11-21T14:04:56+00:00","og_image":[{"width":1009,"height":663,"url":"https:\/\/Solartoancau.com\/wp-content\/uploads\/2025\/11\/IMG_0224.jpeg","type":"image\/jpeg"}],"twitter_card":"summary_large_image","twitter_misc":{"\u01af\u1edbc t\u00ednh th\u1eddi gian \u0111\u1ecdc":"1 ph\u00fat"},"schema":{"@context":"https:\/\/schema.org","@graph":[{"@type":"WebPage","@id":"https:\/\/Solartoancau.com\/","url":"https:\/\/Solartoancau.com\/","name":"SOLAR TO\u00c0N C\u1ea6U THU\u1ed8C T\u1eacP \u0110O\u00c0N PH\u00da VINH FLG GROUP .CHUY\u00caN THI C\u00d4NG &amp; MUA B\u00c1N V\u1eacT T\u01af NG\u00c0NH \u0110I\u1ec6N M\u1eb6T TR\u1edcI .C\u00d4NG TY C\u00d3 TR\u1ee4 S\u1ede T\u1ea0I 828 THI\u00caN L\u00d4I - L\u00ca CH\u00c2N - H\u1ea2I PH\u00d2NG Hotline :0522.444.555 - \u0110I\u1ec6N M\u1eb6T TR\u1edcI TO\u00c0N C\u1ea6U","isPartOf":{"@id":"https:\/\/Solartoancau.com\/#website"},"primaryImageOfPage":{"@id":"https:\/\/Solartoancau.com\/#primaryimage"},"image":{"@id":"https:\/\/Solartoancau.com\/#primaryimage"},"thumbnailUrl":"https:\/\/Solartoancau.com\/wp-content\/uploads\/2025\/11\/IMG_0224.jpeg","datePublished":"2025-11-19T09:33:29+00:00","dateModified":"2025-11-21T14:04:56+00:00","breadcrumb":{"@id":"https:\/\/Solartoancau.com\/#breadcrumb"},"inLanguage":"vi","potentialAction":[{"@type":"ReadAction","target":["https:\/\/Solartoancau.com\/"]}]},{"@type":"ImageObject","inLanguage":"vi","@id":"https:\/\/Solartoancau.com\/#primaryimage","url":"https:\/\/Solartoancau.com\/wp-content\/uploads\/2025\/11\/IMG_0224.jpeg","contentUrl":"https:\/\/Solartoancau.com\/wp-content\/uploads\/2025\/11\/IMG_0224.jpeg","width":1009,"height":663},{"@type":"BreadcrumbList","@id":"https:\/\/Solartoancau.com\/#breadcrumb","itemListElement":[{"@type":"ListItem","position":1,"name":"Trang ch\u1ee7","item":"https:\/\/Solartoancau.com\/"},{"@type":"ListItem","position":2,"name":"SOLAR TO\u00c0N C\u1ea6U THU\u1ed8C T\u1eacP \u0110O\u00c0N PH\u00da VINH FLG GROUP .CHUY\u00caN THI C\u00d4NG &amp; MUA B\u00c1N V\u1eacT T\u01af NG\u00c0NH \u0110I\u1ec6N M\u1eb6T TR\u1edcI .C\u00d4NG TY C\u00d3 TR\u1ee4 S\u1ede T\u1ea0I 828 THI\u00caN L\u00d4I &#8211; L\u00ca CH\u00c2N &#8211; H\u1ea2I PH\u00d2NG Hotline :0522.444.555"}]},{"@type":"WebSite","@id":"https:\/\/Solartoancau.com\/#website","url":"https:\/\/Solartoancau.com\/","name":"\u0110I\u1ec6N M\u1eb6T TR\u1edcI TO\u00c0N C\u1ea6U","description":"\u0110\u01a0N V\u1eca CUNG C\u1ea4P V\u1eacT T\u01af V\u00c0 THI C\u00d4NG \u0110I\u1ec6N M\u1eb6T TR\u1edcI UY T\u00cdN CH\u1ea4T L\u01af\u1ee2NG V\u00c0 GI\u00c1 TH\u00c0NH R\u1eba NH\u1ea4T TO\u00c0N QU\u1ed0C","publisher":{"@id":"https:\/\/Solartoancau.com\/#organization"},"potentialAction":[{"@type":"SearchAction","target":{"@type":"EntryPoint","urlTemplate":"https:\/\/Solartoancau.com\/?s={search_term_string}"},"query-input":{"@type":"PropertyValueSpecification","valueRequired":true,"valueName":"search_term_string"}}],"inLanguage":"vi"},{"@type":"Organization","@id":"https:\/\/Solartoancau.com\/#organization","name":"\u0110I\u1ec6N M\u1eb6T TR\u1edcI TO\u00c0N C\u1ea6U","url":"https:\/\/Solartoancau.com\/","logo":{"@type":"ImageObject","inLanguage":"vi","@id":"https:\/\/Solartoancau.com\/#\/schema\/logo\/image\/","url":"https:\/\/Solartoancau.com\/wp-content\/uploads\/2025\/11\/cropped-cropped-IMG_0221-1.jpeg","contentUrl":"https:\/\/Solartoancau.com\/wp-content\/uploads\/2025\/11\/cropped-cropped-IMG_0221-1.jpeg","width":511,"height":511,"caption":"\u0110I\u1ec6N M\u1eb6T TR\u1edcI TO\u00c0N C\u1ea6U"},"image":{"@id":"https:\/\/Solartoancau.com\/#\/schema\/logo\/image\/"}}]}},"jetpack_sharing_enabled":true,"_links":{"self":[{"href":"https:\/\/Solartoancau.com\/index.php?rest_route=\/wp\/v2\/pages\/178","targetHints":{"allow":["GET"]}}],"collection":[{"href":"https:\/\/Solartoancau.com\/index.php?rest_route=\/wp\/v2\/pages"}],"about":[{"href":"https:\/\/Solartoancau.com\/index.php?rest_route=\/wp\/v2\/types\/page"}],"author":[{"embeddable":true,"href":"https:\/\/Solartoancau.com\/index.php?rest_route=\/wp\/v2\/users\/2"}],"replies":[{"embeddable":true,"href":"https:\/\/Solartoancau.com\/index.php?rest_route=%2Fwp%2Fv2%2Fcomments&post=178"}],"version-history":[{"count":5,"href":"https:\/\/Solartoancau.com\/index.php?rest_route=\/wp\/v2\/pages\/178\/revisions"}],"predecessor-version":[{"id":268,"href":"https:\/\/Solartoancau.com\/index.php?rest_route=\/wp\/v2\/pages\/178\/revisions\/268"}],"wp:attachment":[{"href":"https:\/\/Solartoancau.com\/index.php?rest_route=%2Fwp%2Fv2%2Fmedia&parent=178"}],"curies":[{"name":"wp","href":"https:\/\/api.w.org\/{rel}","templated":true}]}}