{"id":204,"date":"2025-11-19T17:37:45","date_gmt":"2025-11-19T10:37:45","guid":{"rendered":"https:\/\/Solartoancau.com\/?post_type=product&#038;p=204"},"modified":"2025-11-19T17:37:46","modified_gmt":"2025-11-19T10:37:46","slug":"tam-pin-mat-troi-longi-650w-himox10","status":"publish","type":"product","link":"https:\/\/Solartoancau.com\/?product=tam-pin-mat-troi-longi-650w-himox10","title":{"rendered":"T\u1ea5m Pin M\u1eb7t Tr\u1eddi Longi 650W HimoX10"},"content":{"rendered":"<p><img loading=\"lazy\" decoding=\"async\" class=\"alignnone size-medium wp-image-205\" src=\"https:\/\/Solartoancau.com\/wp-content\/uploads\/2025\/11\/tam-pin-mat-troi-longi-650w-himox10-300x300.jpg\" alt=\"\" width=\"300\" height=\"300\" srcset=\"https:\/\/Solartoancau.com\/wp-content\/uploads\/2025\/11\/tam-pin-mat-troi-longi-650w-himox10-300x300.jpg 300w, https:\/\/Solartoancau.com\/wp-content\/uploads\/2025\/11\/tam-pin-mat-troi-longi-650w-himox10-150x150.jpg 150w, https:\/\/Solartoancau.com\/wp-content\/uploads\/2025\/11\/tam-pin-mat-troi-longi-650w-himox10-768x768.jpg 768w, https:\/\/Solartoancau.com\/wp-content\/uploads\/2025\/11\/tam-pin-mat-troi-longi-650w-himox10-600x600.jpg 600w, https:\/\/Solartoancau.com\/wp-content\/uploads\/2025\/11\/tam-pin-mat-troi-longi-650w-himox10-100x100.jpg 100w, https:\/\/Solartoancau.com\/wp-content\/uploads\/2025\/11\/tam-pin-mat-troi-longi-650w-himox10.jpg 1000w\" sizes=\"auto, (max-width: 300px) 100vw, 300px\" \/><\/p>\n<p><strong>T\u1ea5m Pin M\u1eb7t Tr\u1eddi Longi 650W HimoX10<\/strong>\u00a0th\u1ec3 hi\u1ec7n r\u00f5 vai tr\u00f2 quan tr\u1ecdng c\u1ee7a m\u00ecnh trong vi\u1ec7c cung c\u1ea5p ngu\u1ed3n n\u0103ng l\u01b0\u1ee3ng \u1ed5n \u0111\u1ecbnh, hi\u1ec7u qu\u1ea3. Nh\u1edd c\u00e1c c\u00f4ng ngh\u1ec7 ti\u00ean ti\u1ebfn nh\u01b0 cell HPDC+ v\u00e0 Half-cut, s\u1ea3n ph\u1ea9m kh\u00f4ng ch\u1ec9 t\u1ed1i \u01b0u h\u00f3a hi\u1ec7u su\u1ea5t m\u00e0 c\u00f2n n\u00e2ng cao \u0111\u1ed9 b\u1ec1n, gi\u00fap c\u00e1c h\u1ec7 th\u1ed1ng \u0111i\u1ec7n m\u1eb7t tr\u1eddi v\u1eadn h\u00e0nh li\u00ean t\u1ee5c v\u00e0 khai th\u00e1c t\u1ed1i \u0111a ti\u1ec1m n\u0103ng t\u1eeb \u00e1nh s\u00e1ng m\u1eb7t tr\u1edd<\/p>\n","protected":false},"excerpt":{"rendered":"<p>T\u1ea5m Pin M\u1eb7t Tr\u1eddi Longi 650W HimoX10\u00a0th\u1ec3 hi\u1ec7n r\u00f5 vai tr\u00f2 quan tr\u1ecdng c\u1ee7a m\u00ecnh trong vi\u1ec7c cung c\u1ea5p ngu\u1ed3n [&hellip;]<\/p>\n","protected":false},"featured_media":205,"comment_status":"open","ping_status":"closed","template":"","meta":{"site-sidebar-layout":"default","site-content-layout":"","ast-site-content-layout":"default","site-content-style":"default","site-sidebar-style":"default","ast-global-header-display":"","ast-banner-title-visibility":"","ast-main-header-display":"","ast-hfb-above-header-display":"","ast-hfb-below-header-display":"","ast-hfb-mobile-header-display":"","site-post-title":"","ast-breadcrumbs-content":"","ast-featured-img":"","footer-sml-layout":"","theme-transparent-header-meta":"default","adv-header-id-meta":"","stick-header-meta":"","header-above-stick-meta":"","header-main-stick-meta":"","header-below-stick-meta":"","astra-migrate-meta-layouts":"set","ast-page-background-enabled":"default","ast-page-background-meta":{"desktop":{"background-color":"var(--ast-global-color-5)","background-image":"","background-repeat":"repeat","background-position":"center center","background-size":"auto","background-attachment":"scroll","background-type":"","background-media":"","overlay-type":"","overlay-color":"","overlay-opacity":"","overlay-gradient":""},"tablet":{"background-color":"","background-image":"","background-repeat":"repeat","background-position":"center center","background-size":"auto","background-attachment":"scroll","background-type":"","background-media":"","overlay-type":"","overlay-color":"","overlay-opacity":"","overlay-gradient":""},"mobile":{"background-color":"","background-image":"","background-repeat":"repeat","background-position":"center center","background-size":"auto","background-attachment":"scroll","background-type":"","background-media":"","overlay-type":"","overlay-color":"","overlay-opacity":"","overlay-gradient":""}},"ast-content-background-meta":{"desktop":{"background-color":"var(--ast-global-color-4)","background-image":"","background-repeat":"repeat","background-position":"center center","background-size":"auto","background-attachment":"scroll","background-type":"","background-media":"","overlay-type":"","overlay-color":"","overlay-opacity":"","overlay-gradient":""},"tablet":{"background-color":"var(--ast-global-color-4)","background-image":"","background-repeat":"repeat","background-position":"center center","background-size":"auto","background-attachment":"scroll","background-type":"","background-media":"","overlay-type":"","overlay-color":"","overlay-opacity":"","overlay-gradient":""},"mobile":{"background-color":"var(--ast-global-color-4)","background-image":"","background-repeat":"repeat","background-position":"center center","background-size":"auto","background-attachment":"scroll","background-type":"","background-media":"","overlay-type":"","overlay-color":"","overlay-opacity":"","overlay-gradient":""}}},"product_brand":[],"product_cat":[15],"product_tag":[],"class_list":{"0":"post-204","1":"product","2":"type-product","3":"status-publish","4":"has-post-thumbnail","6":"product_cat-chua-phan-loai","7":"desktop-align-left","8":"tablet-align-left","9":"mobile-align-left","11":"first","12":"instock","13":"shipping-taxable","14":"product-type-simple"},"yoast_head":"<!-- This site is optimized with the Yoast SEO plugin v25.7 - https:\/\/yoast.com\/wordpress\/plugins\/seo\/ -->\n<title>T\u1ea5m Pin M\u1eb7t Tr\u1eddi Longi 650W HimoX10 - \u0110I\u1ec6N M\u1eb6T TR\u1edcI TO\u00c0N C\u1ea6U<\/title>\n<meta name=\"robots\" content=\"index, follow, max-snippet:-1, max-image-preview:large, max-video-preview:-1\" \/>\n<link rel=\"canonical\" href=\"https:\/\/Solartoancau.com\/?product=tam-pin-mat-troi-longi-650w-himox10\" \/>\n<meta property=\"og:locale\" content=\"vi_VN\" \/>\n<meta property=\"og:type\" content=\"article\" \/>\n<meta property=\"og:title\" content=\"T\u1ea5m Pin M\u1eb7t Tr\u1eddi Longi 650W HimoX10 - \u0110I\u1ec6N M\u1eb6T TR\u1edcI TO\u00c0N C\u1ea6U\" \/>\n<meta property=\"og:description\" content=\"T\u1ea5m Pin M\u1eb7t Tr\u1eddi Longi 650W HimoX10\u00a0th\u1ec3 hi\u1ec7n r\u00f5 vai tr\u00f2 quan tr\u1ecdng c\u1ee7a m\u00ecnh trong vi\u1ec7c cung c\u1ea5p ngu\u1ed3n [&hellip;]\" \/>\n<meta property=\"og:url\" content=\"https:\/\/Solartoancau.com\/?product=tam-pin-mat-troi-longi-650w-himox10\" \/>\n<meta property=\"og:site_name\" content=\"\u0110I\u1ec6N M\u1eb6T TR\u1edcI TO\u00c0N C\u1ea6U\" \/>\n<meta property=\"article:modified_time\" content=\"2025-11-19T10:37:46+00:00\" \/>\n<meta property=\"og:image\" content=\"https:\/\/Solartoancau.com\/wp-content\/uploads\/2025\/11\/tam-pin-mat-troi-longi-650w-himox10.jpg\" \/>\n\t<meta property=\"og:image:width\" content=\"1000\" \/>\n\t<meta property=\"og:image:height\" content=\"1000\" \/>\n\t<meta property=\"og:image:type\" content=\"image\/jpeg\" \/>\n<meta name=\"twitter:card\" content=\"summary_large_image\" \/>\n<meta name=\"twitter:label1\" content=\"\u01af\u1edbc t\u00ednh th\u1eddi gian \u0111\u1ecdc\" \/>\n\t<meta name=\"twitter:data1\" content=\"1 ph\u00fat\" \/>\n<script type=\"application\/ld+json\" class=\"yoast-schema-graph\">{\"@context\":\"https:\/\/schema.org\",\"@graph\":[{\"@type\":\"WebPage\",\"@id\":\"https:\/\/Solartoancau.com\/?product=tam-pin-mat-troi-longi-650w-himox10\",\"url\":\"https:\/\/Solartoancau.com\/?product=tam-pin-mat-troi-longi-650w-himox10\",\"name\":\"T\u1ea5m Pin M\u1eb7t Tr\u1eddi Longi 650W HimoX10 - \u0110I\u1ec6N M\u1eb6T TR\u1edcI TO\u00c0N C\u1ea6U\",\"isPartOf\":{\"@id\":\"https:\/\/Solartoancau.com\/#website\"},\"primaryImageOfPage\":{\"@id\":\"https:\/\/Solartoancau.com\/?product=tam-pin-mat-troi-longi-650w-himox10#primaryimage\"},\"image\":{\"@id\":\"https:\/\/Solartoancau.com\/?product=tam-pin-mat-troi-longi-650w-himox10#primaryimage\"},\"thumbnailUrl\":\"https:\/\/Solartoancau.com\/wp-content\/uploads\/2025\/11\/tam-pin-mat-troi-longi-650w-himox10.jpg\",\"datePublished\":\"2025-11-19T10:37:45+00:00\",\"dateModified\":\"2025-11-19T10:37:46+00:00\",\"breadcrumb\":{\"@id\":\"https:\/\/Solartoancau.com\/?product=tam-pin-mat-troi-longi-650w-himox10#breadcrumb\"},\"inLanguage\":\"vi\",\"potentialAction\":[{\"@type\":\"ReadAction\",\"target\":[\"https:\/\/Solartoancau.com\/?product=tam-pin-mat-troi-longi-650w-himox10\"]}]},{\"@type\":\"ImageObject\",\"inLanguage\":\"vi\",\"@id\":\"https:\/\/Solartoancau.com\/?product=tam-pin-mat-troi-longi-650w-himox10#primaryimage\",\"url\":\"https:\/\/Solartoancau.com\/wp-content\/uploads\/2025\/11\/tam-pin-mat-troi-longi-650w-himox10.jpg\",\"contentUrl\":\"https:\/\/Solartoancau.com\/wp-content\/uploads\/2025\/11\/tam-pin-mat-troi-longi-650w-himox10.jpg\",\"width\":1000,\"height\":1000},{\"@type\":\"BreadcrumbList\",\"@id\":\"https:\/\/Solartoancau.com\/?product=tam-pin-mat-troi-longi-650w-himox10#breadcrumb\",\"itemListElement\":[{\"@type\":\"ListItem\",\"position\":1,\"name\":\"Trang ch\u1ee7\",\"item\":\"https:\/\/Solartoancau.com\/\"},{\"@type\":\"ListItem\",\"position\":2,\"name\":\"C\u1eeda h\u00e0ng\",\"item\":\"https:\/\/Solartoancau.com\/?page_id=6\"},{\"@type\":\"ListItem\",\"position\":3,\"name\":\"T\u1ea5m Pin M\u1eb7t Tr\u1eddi Longi 650W HimoX10\"}]},{\"@type\":\"WebSite\",\"@id\":\"https:\/\/Solartoancau.com\/#website\",\"url\":\"https:\/\/Solartoancau.com\/\",\"name\":\"\u0110I\u1ec6N M\u1eb6T TR\u1edcI TO\u00c0N C\u1ea6U\",\"description\":\"\u0110\u01a0N V\u1eca CUNG C\u1ea4P V\u1eacT T\u01af V\u00c0 THI C\u00d4NG \u0110I\u1ec6N M\u1eb6T TR\u1edcI UY T\u00cdN CH\u1ea4T L\u01af\u1ee2NG V\u00c0 GI\u00c1 TH\u00c0NH R\u1eba NH\u1ea4T TO\u00c0N QU\u1ed0C\",\"publisher\":{\"@id\":\"https:\/\/Solartoancau.com\/#organization\"},\"potentialAction\":[{\"@type\":\"SearchAction\",\"target\":{\"@type\":\"EntryPoint\",\"urlTemplate\":\"https:\/\/Solartoancau.com\/?s={search_term_string}\"},\"query-input\":{\"@type\":\"PropertyValueSpecification\",\"valueRequired\":true,\"valueName\":\"search_term_string\"}}],\"inLanguage\":\"vi\"},{\"@type\":\"Organization\",\"@id\":\"https:\/\/Solartoancau.com\/#organization\",\"name\":\"\u0110I\u1ec6N M\u1eb6T TR\u1edcI TO\u00c0N C\u1ea6U\",\"url\":\"https:\/\/Solartoancau.com\/\",\"logo\":{\"@type\":\"ImageObject\",\"inLanguage\":\"vi\",\"@id\":\"https:\/\/Solartoancau.com\/#\/schema\/logo\/image\/\",\"url\":\"https:\/\/Solartoancau.com\/wp-content\/uploads\/2025\/11\/cropped-cropped-IMG_0221-1.jpeg\",\"contentUrl\":\"https:\/\/Solartoancau.com\/wp-content\/uploads\/2025\/11\/cropped-cropped-IMG_0221-1.jpeg\",\"width\":511,\"height\":511,\"caption\":\"\u0110I\u1ec6N M\u1eb6T TR\u1edcI TO\u00c0N C\u1ea6U\"},\"image\":{\"@id\":\"https:\/\/Solartoancau.com\/#\/schema\/logo\/image\/\"}}]}<\/script>\n<!-- \/ Yoast SEO plugin. -->","yoast_head_json":{"title":"T\u1ea5m Pin M\u1eb7t Tr\u1eddi Longi 650W HimoX10 - \u0110I\u1ec6N M\u1eb6T TR\u1edcI TO\u00c0N C\u1ea6U","robots":{"index":"index","follow":"follow","max-snippet":"max-snippet:-1","max-image-preview":"max-image-preview:large","max-video-preview":"max-video-preview:-1"},"canonical":"https:\/\/Solartoancau.com\/?product=tam-pin-mat-troi-longi-650w-himox10","og_locale":"vi_VN","og_type":"article","og_title":"T\u1ea5m Pin M\u1eb7t Tr\u1eddi Longi 650W HimoX10 - \u0110I\u1ec6N M\u1eb6T TR\u1edcI TO\u00c0N C\u1ea6U","og_description":"T\u1ea5m Pin M\u1eb7t Tr\u1eddi Longi 650W HimoX10\u00a0th\u1ec3 hi\u1ec7n r\u00f5 vai tr\u00f2 quan tr\u1ecdng c\u1ee7a m\u00ecnh trong vi\u1ec7c cung c\u1ea5p ngu\u1ed3n [&hellip;]","og_url":"https:\/\/Solartoancau.com\/?product=tam-pin-mat-troi-longi-650w-himox10","og_site_name":"\u0110I\u1ec6N M\u1eb6T TR\u1edcI TO\u00c0N C\u1ea6U","article_modified_time":"2025-11-19T10:37:46+00:00","og_image":[{"width":1000,"height":1000,"url":"https:\/\/Solartoancau.com\/wp-content\/uploads\/2025\/11\/tam-pin-mat-troi-longi-650w-himox10.jpg","type":"image\/jpeg"}],"twitter_card":"summary_large_image","twitter_misc":{"\u01af\u1edbc t\u00ednh th\u1eddi gian \u0111\u1ecdc":"1 ph\u00fat"},"schema":{"@context":"https:\/\/schema.org","@graph":[{"@type":"WebPage","@id":"https:\/\/Solartoancau.com\/?product=tam-pin-mat-troi-longi-650w-himox10","url":"https:\/\/Solartoancau.com\/?product=tam-pin-mat-troi-longi-650w-himox10","name":"T\u1ea5m Pin M\u1eb7t Tr\u1eddi Longi 650W HimoX10 - \u0110I\u1ec6N M\u1eb6T TR\u1edcI TO\u00c0N C\u1ea6U","isPartOf":{"@id":"https:\/\/Solartoancau.com\/#website"},"primaryImageOfPage":{"@id":"https:\/\/Solartoancau.com\/?product=tam-pin-mat-troi-longi-650w-himox10#primaryimage"},"image":{"@id":"https:\/\/Solartoancau.com\/?product=tam-pin-mat-troi-longi-650w-himox10#primaryimage"},"thumbnailUrl":"https:\/\/Solartoancau.com\/wp-content\/uploads\/2025\/11\/tam-pin-mat-troi-longi-650w-himox10.jpg","datePublished":"2025-11-19T10:37:45+00:00","dateModified":"2025-11-19T10:37:46+00:00","breadcrumb":{"@id":"https:\/\/Solartoancau.com\/?product=tam-pin-mat-troi-longi-650w-himox10#breadcrumb"},"inLanguage":"vi","potentialAction":[{"@type":"ReadAction","target":["https:\/\/Solartoancau.com\/?product=tam-pin-mat-troi-longi-650w-himox10"]}]},{"@type":"ImageObject","inLanguage":"vi","@id":"https:\/\/Solartoancau.com\/?product=tam-pin-mat-troi-longi-650w-himox10#primaryimage","url":"https:\/\/Solartoancau.com\/wp-content\/uploads\/2025\/11\/tam-pin-mat-troi-longi-650w-himox10.jpg","contentUrl":"https:\/\/Solartoancau.com\/wp-content\/uploads\/2025\/11\/tam-pin-mat-troi-longi-650w-himox10.jpg","width":1000,"height":1000},{"@type":"BreadcrumbList","@id":"https:\/\/Solartoancau.com\/?product=tam-pin-mat-troi-longi-650w-himox10#breadcrumb","itemListElement":[{"@type":"ListItem","position":1,"name":"Trang ch\u1ee7","item":"https:\/\/Solartoancau.com\/"},{"@type":"ListItem","position":2,"name":"C\u1eeda h\u00e0ng","item":"https:\/\/Solartoancau.com\/?page_id=6"},{"@type":"ListItem","position":3,"name":"T\u1ea5m Pin M\u1eb7t Tr\u1eddi Longi 650W HimoX10"}]},{"@type":"WebSite","@id":"https:\/\/Solartoancau.com\/#website","url":"https:\/\/Solartoancau.com\/","name":"\u0110I\u1ec6N M\u1eb6T TR\u1edcI TO\u00c0N C\u1ea6U","description":"\u0110\u01a0N V\u1eca CUNG C\u1ea4P V\u1eacT T\u01af V\u00c0 THI C\u00d4NG \u0110I\u1ec6N M\u1eb6T TR\u1edcI UY T\u00cdN CH\u1ea4T L\u01af\u1ee2NG V\u00c0 GI\u00c1 TH\u00c0NH R\u1eba NH\u1ea4T TO\u00c0N QU\u1ed0C","publisher":{"@id":"https:\/\/Solartoancau.com\/#organization"},"potentialAction":[{"@type":"SearchAction","target":{"@type":"EntryPoint","urlTemplate":"https:\/\/Solartoancau.com\/?s={search_term_string}"},"query-input":{"@type":"PropertyValueSpecification","valueRequired":true,"valueName":"search_term_string"}}],"inLanguage":"vi"},{"@type":"Organization","@id":"https:\/\/Solartoancau.com\/#organization","name":"\u0110I\u1ec6N M\u1eb6T TR\u1edcI TO\u00c0N C\u1ea6U","url":"https:\/\/Solartoancau.com\/","logo":{"@type":"ImageObject","inLanguage":"vi","@id":"https:\/\/Solartoancau.com\/#\/schema\/logo\/image\/","url":"https:\/\/Solartoancau.com\/wp-content\/uploads\/2025\/11\/cropped-cropped-IMG_0221-1.jpeg","contentUrl":"https:\/\/Solartoancau.com\/wp-content\/uploads\/2025\/11\/cropped-cropped-IMG_0221-1.jpeg","width":511,"height":511,"caption":"\u0110I\u1ec6N M\u1eb6T TR\u1edcI TO\u00c0N C\u1ea6U"},"image":{"@id":"https:\/\/Solartoancau.com\/#\/schema\/logo\/image\/"}}]}},"jetpack_sharing_enabled":true,"_links":{"self":[{"href":"https:\/\/Solartoancau.com\/index.php?rest_route=\/wp\/v2\/product\/204","targetHints":{"allow":["GET"]}}],"collection":[{"href":"https:\/\/Solartoancau.com\/index.php?rest_route=\/wp\/v2\/product"}],"about":[{"href":"https:\/\/Solartoancau.com\/index.php?rest_route=\/wp\/v2\/types\/product"}],"replies":[{"embeddable":true,"href":"https:\/\/Solartoancau.com\/index.php?rest_route=%2Fwp%2Fv2%2Fcomments&post=204"}],"wp:featuredmedia":[{"embeddable":true,"href":"https:\/\/Solartoancau.com\/index.php?rest_route=\/wp\/v2\/media\/205"}],"wp:attachment":[{"href":"https:\/\/Solartoancau.com\/index.php?rest_route=%2Fwp%2Fv2%2Fmedia&parent=204"}],"wp:term":[{"taxonomy":"product_brand","embeddable":true,"href":"https:\/\/Solartoancau.com\/index.php?rest_route=%2Fwp%2Fv2%2Fproduct_brand&post=204"},{"taxonomy":"product_cat","embeddable":true,"href":"https:\/\/Solartoancau.com\/index.php?rest_route=%2Fwp%2Fv2%2Fproduct_cat&post=204"},{"taxonomy":"product_tag","embeddable":true,"href":"https:\/\/Solartoancau.com\/index.php?rest_route=%2Fwp%2Fv2%2Fproduct_tag&post=204"}],"curies":[{"name":"wp","href":"https:\/\/api.w.org\/{rel}","templated":true}]}}