{"id":238,"date":"2025-11-21T20:35:04","date_gmt":"2025-11-21T13:35:04","guid":{"rendered":"https:\/\/Solartoancau.com\/?post_type=product&#038;p=238"},"modified":"2025-11-21T20:35:04","modified_gmt":"2025-11-21T13:35:04","slug":"pin-luu-tru-ls-battery-51-2v300ah-15kwh","status":"publish","type":"product","link":"https:\/\/Solartoancau.com\/?product=pin-luu-tru-ls-battery-51-2v300ah-15kwh","title":{"rendered":"Pin L\u01b0u Tr\u1eef LS Battery 51.2V300Ah 15kwh"},"content":{"rendered":"<p><img loading=\"lazy\" decoding=\"async\" class=\"alignnone size-medium wp-image-240\" src=\"https:\/\/Solartoancau.com\/wp-content\/uploads\/2025\/11\/pin-luu-tru-ls-battery-51-2v300ah-15kwh-600x600-1-300x300.jpg\" alt=\"\" width=\"300\" height=\"300\" srcset=\"https:\/\/Solartoancau.com\/wp-content\/uploads\/2025\/11\/pin-luu-tru-ls-battery-51-2v300ah-15kwh-600x600-1-300x300.jpg 300w, https:\/\/Solartoancau.com\/wp-content\/uploads\/2025\/11\/pin-luu-tru-ls-battery-51-2v300ah-15kwh-600x600-1-150x150.jpg 150w, https:\/\/Solartoancau.com\/wp-content\/uploads\/2025\/11\/pin-luu-tru-ls-battery-51-2v300ah-15kwh-600x600-1-100x100.jpg 100w, https:\/\/Solartoancau.com\/wp-content\/uploads\/2025\/11\/pin-luu-tru-ls-battery-51-2v300ah-15kwh-600x600-1.jpg 600w\" sizes=\"auto, (max-width: 300px) 100vw, 300px\" \/><\/p>\n<p><strong>Pin L\u01b0u Tr\u1eef LS Battery 51.2V300Ah 15kwh<\/strong>\u00a0ch\u00ednh l\u00e0 gi\u1ea3i ph\u00e1p l\u00fd t\u01b0\u1edfng, mang l\u1ea1i hi\u1ec7u su\u1ea5t cao, an to\u00e0n, th\u00e2n thi\u1ec7n m\u00f4i tr\u01b0\u1eddng v\u00e0 \u0111\u1ed9 b\u1ec1n v\u01b0\u1ee3t tr\u1ed9i. C\u00f4ng ngh\u1ec7 LiFePO4 ti\u00ean ti\u1ebfn c\u00f9ng h\u1ec7 th\u1ed1ng BMS th\u00f4ng minh gi\u00fap ki\u1ec3m so\u00e1t to\u00e0n di\u1ec7n, \u0111\u1ea3m b\u1ea3o ho\u1ea1t \u0111\u1ed9ng \u1ed5n \u0111\u1ecbnh v\u00e0 an to\u00e0n trong m\u1ecdi t\u00ecnh hu\u1ed1ng.<\/p>\n","protected":false},"excerpt":{"rendered":"<p>Pin L\u01b0u Tr\u1eef LS Battery 51.2V300Ah 15kwh\u00a0ch\u00ednh l\u00e0 gi\u1ea3i ph\u00e1p l\u00fd t\u01b0\u1edfng, mang l\u1ea1i hi\u1ec7u su\u1ea5t cao, an to\u00e0n, th\u00e2n [&hellip;]<\/p>\n","protected":false},"featured_media":240,"comment_status":"open","ping_status":"closed","template":"","meta":{"site-sidebar-layout":"default","site-content-layout":"","ast-site-content-layout":"default","site-content-style":"default","site-sidebar-style":"default","ast-global-header-display":"","ast-banner-title-visibility":"","ast-main-header-display":"","ast-hfb-above-header-display":"","ast-hfb-below-header-display":"","ast-hfb-mobile-header-display":"","site-post-title":"","ast-breadcrumbs-content":"","ast-featured-img":"","footer-sml-layout":"","theme-transparent-header-meta":"default","adv-header-id-meta":"","stick-header-meta":"","header-above-stick-meta":"","header-main-stick-meta":"","header-below-stick-meta":"","astra-migrate-meta-layouts":"set","ast-page-background-enabled":"default","ast-page-background-meta":{"desktop":{"background-color":"var(--ast-global-color-5)","background-image":"","background-repeat":"repeat","background-position":"center center","background-size":"auto","background-attachment":"scroll","background-type":"","background-media":"","overlay-type":"","overlay-color":"","overlay-opacity":"","overlay-gradient":""},"tablet":{"background-color":"","background-image":"","background-repeat":"repeat","background-position":"center center","background-size":"auto","background-attachment":"scroll","background-type":"","background-media":"","overlay-type":"","overlay-color":"","overlay-opacity":"","overlay-gradient":""},"mobile":{"background-color":"","background-image":"","background-repeat":"repeat","background-position":"center center","background-size":"auto","background-attachment":"scroll","background-type":"","background-media":"","overlay-type":"","overlay-color":"","overlay-opacity":"","overlay-gradient":""}},"ast-content-background-meta":{"desktop":{"background-color":"var(--ast-global-color-4)","background-image":"","background-repeat":"repeat","background-position":"center center","background-size":"auto","background-attachment":"scroll","background-type":"","background-media":"","overlay-type":"","overlay-color":"","overlay-opacity":"","overlay-gradient":""},"tablet":{"background-color":"var(--ast-global-color-4)","background-image":"","background-repeat":"repeat","background-position":"center center","background-size":"auto","background-attachment":"scroll","background-type":"","background-media":"","overlay-type":"","overlay-color":"","overlay-opacity":"","overlay-gradient":""},"mobile":{"background-color":"var(--ast-global-color-4)","background-image":"","background-repeat":"repeat","background-position":"center center","background-size":"auto","background-attachment":"scroll","background-type":"","background-media":"","overlay-type":"","overlay-color":"","overlay-opacity":"","overlay-gradient":""}}},"product_brand":[],"product_cat":[15],"product_tag":[],"class_list":{"0":"post-238","1":"product","2":"type-product","3":"status-publish","4":"has-post-thumbnail","6":"product_cat-chua-phan-loai","7":"desktop-align-left","8":"tablet-align-left","9":"mobile-align-left","11":"first","12":"instock","13":"shipping-taxable","14":"product-type-simple"},"yoast_head":"<!-- This site is optimized with the Yoast SEO plugin v25.7 - https:\/\/yoast.com\/wordpress\/plugins\/seo\/ -->\n<title>Pin L\u01b0u Tr\u1eef LS Battery 51.2V300Ah 15kwh - \u0110I\u1ec6N M\u1eb6T TR\u1edcI TO\u00c0N C\u1ea6U<\/title>\n<meta name=\"robots\" content=\"index, follow, max-snippet:-1, max-image-preview:large, max-video-preview:-1\" \/>\n<link rel=\"canonical\" href=\"https:\/\/Solartoancau.com\/?product=pin-luu-tru-ls-battery-51-2v300ah-15kwh\" \/>\n<meta property=\"og:locale\" content=\"vi_VN\" \/>\n<meta property=\"og:type\" content=\"article\" \/>\n<meta property=\"og:title\" content=\"Pin L\u01b0u Tr\u1eef LS Battery 51.2V300Ah 15kwh - \u0110I\u1ec6N M\u1eb6T TR\u1edcI TO\u00c0N C\u1ea6U\" \/>\n<meta property=\"og:description\" content=\"Pin L\u01b0u Tr\u1eef LS Battery 51.2V300Ah 15kwh\u00a0ch\u00ednh l\u00e0 gi\u1ea3i ph\u00e1p l\u00fd t\u01b0\u1edfng, mang l\u1ea1i hi\u1ec7u su\u1ea5t cao, an to\u00e0n, th\u00e2n [&hellip;]\" \/>\n<meta property=\"og:url\" content=\"https:\/\/Solartoancau.com\/?product=pin-luu-tru-ls-battery-51-2v300ah-15kwh\" \/>\n<meta property=\"og:site_name\" content=\"\u0110I\u1ec6N M\u1eb6T TR\u1edcI TO\u00c0N C\u1ea6U\" \/>\n<meta property=\"og:image\" content=\"https:\/\/Solartoancau.com\/wp-content\/uploads\/2025\/11\/pin-luu-tru-ls-battery-51-2v300ah-15kwh-600x600-1.jpg\" \/>\n\t<meta property=\"og:image:width\" content=\"600\" \/>\n\t<meta property=\"og:image:height\" content=\"600\" \/>\n\t<meta property=\"og:image:type\" content=\"image\/jpeg\" \/>\n<meta name=\"twitter:card\" content=\"summary_large_image\" \/>\n<meta name=\"twitter:label1\" content=\"\u01af\u1edbc t\u00ednh th\u1eddi gian \u0111\u1ecdc\" \/>\n\t<meta name=\"twitter:data1\" content=\"1 ph\u00fat\" \/>\n<script type=\"application\/ld+json\" class=\"yoast-schema-graph\">{\"@context\":\"https:\/\/schema.org\",\"@graph\":[{\"@type\":\"WebPage\",\"@id\":\"https:\/\/Solartoancau.com\/?product=pin-luu-tru-ls-battery-51-2v300ah-15kwh\",\"url\":\"https:\/\/Solartoancau.com\/?product=pin-luu-tru-ls-battery-51-2v300ah-15kwh\",\"name\":\"Pin L\u01b0u Tr\u1eef LS Battery 51.2V300Ah 15kwh - \u0110I\u1ec6N M\u1eb6T TR\u1edcI TO\u00c0N C\u1ea6U\",\"isPartOf\":{\"@id\":\"https:\/\/Solartoancau.com\/#website\"},\"primaryImageOfPage\":{\"@id\":\"https:\/\/Solartoancau.com\/?product=pin-luu-tru-ls-battery-51-2v300ah-15kwh#primaryimage\"},\"image\":{\"@id\":\"https:\/\/Solartoancau.com\/?product=pin-luu-tru-ls-battery-51-2v300ah-15kwh#primaryimage\"},\"thumbnailUrl\":\"https:\/\/Solartoancau.com\/wp-content\/uploads\/2025\/11\/pin-luu-tru-ls-battery-51-2v300ah-15kwh-600x600-1.jpg\",\"datePublished\":\"2025-11-21T13:35:04+00:00\",\"breadcrumb\":{\"@id\":\"https:\/\/Solartoancau.com\/?product=pin-luu-tru-ls-battery-51-2v300ah-15kwh#breadcrumb\"},\"inLanguage\":\"vi\",\"potentialAction\":[{\"@type\":\"ReadAction\",\"target\":[\"https:\/\/Solartoancau.com\/?product=pin-luu-tru-ls-battery-51-2v300ah-15kwh\"]}]},{\"@type\":\"ImageObject\",\"inLanguage\":\"vi\",\"@id\":\"https:\/\/Solartoancau.com\/?product=pin-luu-tru-ls-battery-51-2v300ah-15kwh#primaryimage\",\"url\":\"https:\/\/Solartoancau.com\/wp-content\/uploads\/2025\/11\/pin-luu-tru-ls-battery-51-2v300ah-15kwh-600x600-1.jpg\",\"contentUrl\":\"https:\/\/Solartoancau.com\/wp-content\/uploads\/2025\/11\/pin-luu-tru-ls-battery-51-2v300ah-15kwh-600x600-1.jpg\",\"width\":600,\"height\":600},{\"@type\":\"BreadcrumbList\",\"@id\":\"https:\/\/Solartoancau.com\/?product=pin-luu-tru-ls-battery-51-2v300ah-15kwh#breadcrumb\",\"itemListElement\":[{\"@type\":\"ListItem\",\"position\":1,\"name\":\"Trang ch\u1ee7\",\"item\":\"https:\/\/Solartoancau.com\/\"},{\"@type\":\"ListItem\",\"position\":2,\"name\":\"C\u1eeda h\u00e0ng\",\"item\":\"https:\/\/Solartoancau.com\/?page_id=6\"},{\"@type\":\"ListItem\",\"position\":3,\"name\":\"Pin L\u01b0u Tr\u1eef LS Battery 51.2V300Ah 15kwh\"}]},{\"@type\":\"WebSite\",\"@id\":\"https:\/\/Solartoancau.com\/#website\",\"url\":\"https:\/\/Solartoancau.com\/\",\"name\":\"\u0110I\u1ec6N M\u1eb6T TR\u1edcI TO\u00c0N C\u1ea6U\",\"description\":\"\u0110\u01a0N V\u1eca CUNG C\u1ea4P V\u1eacT T\u01af V\u00c0 THI C\u00d4NG \u0110I\u1ec6N M\u1eb6T TR\u1edcI UY T\u00cdN CH\u1ea4T L\u01af\u1ee2NG V\u00c0 GI\u00c1 TH\u00c0NH R\u1eba NH\u1ea4T TO\u00c0N QU\u1ed0C\",\"publisher\":{\"@id\":\"https:\/\/Solartoancau.com\/#organization\"},\"potentialAction\":[{\"@type\":\"SearchAction\",\"target\":{\"@type\":\"EntryPoint\",\"urlTemplate\":\"https:\/\/Solartoancau.com\/?s={search_term_string}\"},\"query-input\":{\"@type\":\"PropertyValueSpecification\",\"valueRequired\":true,\"valueName\":\"search_term_string\"}}],\"inLanguage\":\"vi\"},{\"@type\":\"Organization\",\"@id\":\"https:\/\/Solartoancau.com\/#organization\",\"name\":\"\u0110I\u1ec6N M\u1eb6T TR\u1edcI TO\u00c0N C\u1ea6U\",\"url\":\"https:\/\/Solartoancau.com\/\",\"logo\":{\"@type\":\"ImageObject\",\"inLanguage\":\"vi\",\"@id\":\"https:\/\/Solartoancau.com\/#\/schema\/logo\/image\/\",\"url\":\"https:\/\/Solartoancau.com\/wp-content\/uploads\/2025\/11\/cropped-cropped-IMG_0221-1.jpeg\",\"contentUrl\":\"https:\/\/Solartoancau.com\/wp-content\/uploads\/2025\/11\/cropped-cropped-IMG_0221-1.jpeg\",\"width\":511,\"height\":511,\"caption\":\"\u0110I\u1ec6N M\u1eb6T TR\u1edcI TO\u00c0N C\u1ea6U\"},\"image\":{\"@id\":\"https:\/\/Solartoancau.com\/#\/schema\/logo\/image\/\"}}]}<\/script>\n<!-- \/ Yoast SEO plugin. -->","yoast_head_json":{"title":"Pin L\u01b0u Tr\u1eef LS Battery 51.2V300Ah 15kwh - \u0110I\u1ec6N M\u1eb6T TR\u1edcI TO\u00c0N C\u1ea6U","robots":{"index":"index","follow":"follow","max-snippet":"max-snippet:-1","max-image-preview":"max-image-preview:large","max-video-preview":"max-video-preview:-1"},"canonical":"https:\/\/Solartoancau.com\/?product=pin-luu-tru-ls-battery-51-2v300ah-15kwh","og_locale":"vi_VN","og_type":"article","og_title":"Pin L\u01b0u Tr\u1eef LS Battery 51.2V300Ah 15kwh - \u0110I\u1ec6N M\u1eb6T TR\u1edcI TO\u00c0N C\u1ea6U","og_description":"Pin L\u01b0u Tr\u1eef LS Battery 51.2V300Ah 15kwh\u00a0ch\u00ednh l\u00e0 gi\u1ea3i ph\u00e1p l\u00fd t\u01b0\u1edfng, mang l\u1ea1i hi\u1ec7u su\u1ea5t cao, an to\u00e0n, th\u00e2n [&hellip;]","og_url":"https:\/\/Solartoancau.com\/?product=pin-luu-tru-ls-battery-51-2v300ah-15kwh","og_site_name":"\u0110I\u1ec6N M\u1eb6T TR\u1edcI TO\u00c0N C\u1ea6U","og_image":[{"width":600,"height":600,"url":"https:\/\/Solartoancau.com\/wp-content\/uploads\/2025\/11\/pin-luu-tru-ls-battery-51-2v300ah-15kwh-600x600-1.jpg","type":"image\/jpeg"}],"twitter_card":"summary_large_image","twitter_misc":{"\u01af\u1edbc t\u00ednh th\u1eddi gian \u0111\u1ecdc":"1 ph\u00fat"},"schema":{"@context":"https:\/\/schema.org","@graph":[{"@type":"WebPage","@id":"https:\/\/Solartoancau.com\/?product=pin-luu-tru-ls-battery-51-2v300ah-15kwh","url":"https:\/\/Solartoancau.com\/?product=pin-luu-tru-ls-battery-51-2v300ah-15kwh","name":"Pin L\u01b0u Tr\u1eef LS Battery 51.2V300Ah 15kwh - \u0110I\u1ec6N M\u1eb6T TR\u1edcI TO\u00c0N C\u1ea6U","isPartOf":{"@id":"https:\/\/Solartoancau.com\/#website"},"primaryImageOfPage":{"@id":"https:\/\/Solartoancau.com\/?product=pin-luu-tru-ls-battery-51-2v300ah-15kwh#primaryimage"},"image":{"@id":"https:\/\/Solartoancau.com\/?product=pin-luu-tru-ls-battery-51-2v300ah-15kwh#primaryimage"},"thumbnailUrl":"https:\/\/Solartoancau.com\/wp-content\/uploads\/2025\/11\/pin-luu-tru-ls-battery-51-2v300ah-15kwh-600x600-1.jpg","datePublished":"2025-11-21T13:35:04+00:00","breadcrumb":{"@id":"https:\/\/Solartoancau.com\/?product=pin-luu-tru-ls-battery-51-2v300ah-15kwh#breadcrumb"},"inLanguage":"vi","potentialAction":[{"@type":"ReadAction","target":["https:\/\/Solartoancau.com\/?product=pin-luu-tru-ls-battery-51-2v300ah-15kwh"]}]},{"@type":"ImageObject","inLanguage":"vi","@id":"https:\/\/Solartoancau.com\/?product=pin-luu-tru-ls-battery-51-2v300ah-15kwh#primaryimage","url":"https:\/\/Solartoancau.com\/wp-content\/uploads\/2025\/11\/pin-luu-tru-ls-battery-51-2v300ah-15kwh-600x600-1.jpg","contentUrl":"https:\/\/Solartoancau.com\/wp-content\/uploads\/2025\/11\/pin-luu-tru-ls-battery-51-2v300ah-15kwh-600x600-1.jpg","width":600,"height":600},{"@type":"BreadcrumbList","@id":"https:\/\/Solartoancau.com\/?product=pin-luu-tru-ls-battery-51-2v300ah-15kwh#breadcrumb","itemListElement":[{"@type":"ListItem","position":1,"name":"Trang ch\u1ee7","item":"https:\/\/Solartoancau.com\/"},{"@type":"ListItem","position":2,"name":"C\u1eeda h\u00e0ng","item":"https:\/\/Solartoancau.com\/?page_id=6"},{"@type":"ListItem","position":3,"name":"Pin L\u01b0u Tr\u1eef LS Battery 51.2V300Ah 15kwh"}]},{"@type":"WebSite","@id":"https:\/\/Solartoancau.com\/#website","url":"https:\/\/Solartoancau.com\/","name":"\u0110I\u1ec6N M\u1eb6T TR\u1edcI TO\u00c0N C\u1ea6U","description":"\u0110\u01a0N V\u1eca CUNG C\u1ea4P V\u1eacT T\u01af V\u00c0 THI C\u00d4NG \u0110I\u1ec6N M\u1eb6T TR\u1edcI UY T\u00cdN CH\u1ea4T L\u01af\u1ee2NG V\u00c0 GI\u00c1 TH\u00c0NH R\u1eba NH\u1ea4T TO\u00c0N QU\u1ed0C","publisher":{"@id":"https:\/\/Solartoancau.com\/#organization"},"potentialAction":[{"@type":"SearchAction","target":{"@type":"EntryPoint","urlTemplate":"https:\/\/Solartoancau.com\/?s={search_term_string}"},"query-input":{"@type":"PropertyValueSpecification","valueRequired":true,"valueName":"search_term_string"}}],"inLanguage":"vi"},{"@type":"Organization","@id":"https:\/\/Solartoancau.com\/#organization","name":"\u0110I\u1ec6N M\u1eb6T TR\u1edcI TO\u00c0N C\u1ea6U","url":"https:\/\/Solartoancau.com\/","logo":{"@type":"ImageObject","inLanguage":"vi","@id":"https:\/\/Solartoancau.com\/#\/schema\/logo\/image\/","url":"https:\/\/Solartoancau.com\/wp-content\/uploads\/2025\/11\/cropped-cropped-IMG_0221-1.jpeg","contentUrl":"https:\/\/Solartoancau.com\/wp-content\/uploads\/2025\/11\/cropped-cropped-IMG_0221-1.jpeg","width":511,"height":511,"caption":"\u0110I\u1ec6N M\u1eb6T TR\u1edcI TO\u00c0N C\u1ea6U"},"image":{"@id":"https:\/\/Solartoancau.com\/#\/schema\/logo\/image\/"}}]}},"jetpack_sharing_enabled":true,"_links":{"self":[{"href":"https:\/\/Solartoancau.com\/index.php?rest_route=\/wp\/v2\/product\/238","targetHints":{"allow":["GET"]}}],"collection":[{"href":"https:\/\/Solartoancau.com\/index.php?rest_route=\/wp\/v2\/product"}],"about":[{"href":"https:\/\/Solartoancau.com\/index.php?rest_route=\/wp\/v2\/types\/product"}],"replies":[{"embeddable":true,"href":"https:\/\/Solartoancau.com\/index.php?rest_route=%2Fwp%2Fv2%2Fcomments&post=238"}],"wp:featuredmedia":[{"embeddable":true,"href":"https:\/\/Solartoancau.com\/index.php?rest_route=\/wp\/v2\/media\/240"}],"wp:attachment":[{"href":"https:\/\/Solartoancau.com\/index.php?rest_route=%2Fwp%2Fv2%2Fmedia&parent=238"}],"wp:term":[{"taxonomy":"product_brand","embeddable":true,"href":"https:\/\/Solartoancau.com\/index.php?rest_route=%2Fwp%2Fv2%2Fproduct_brand&post=238"},{"taxonomy":"product_cat","embeddable":true,"href":"https:\/\/Solartoancau.com\/index.php?rest_route=%2Fwp%2Fv2%2Fproduct_cat&post=238"},{"taxonomy":"product_tag","embeddable":true,"href":"https:\/\/Solartoancau.com\/index.php?rest_route=%2Fwp%2Fv2%2Fproduct_tag&post=238"}],"curies":[{"name":"wp","href":"https:\/\/api.w.org\/{rel}","templated":true}]}}